{"id":58,"date":"2017-02-13T08:09:38","date_gmt":"2017-02-13T08:09:38","guid":{"rendered":"http:\/\/schuetzen-badwurzach.de\/?page_id=58"},"modified":"2019-02-13T07:52:08","modified_gmt":"2019-02-13T06:52:08","slug":"angebote","status":"publish","type":"page","link":"http:\/\/schuetzen-badwurzach.de\/?page_id=58","title":{"rendered":"Angebote \/ Disziplinen"},"content":{"rendered":"<p>Die Sch\u00fctzenabteilung Bad Wurzach bietet eine F\u00fclle an schie\u00dfsportlichen Disziplinen an.<\/p>\n<p>&nbsp;<\/p>\n<p>Neben Luftdruck- und Kleinkaliber- Disziplinen bieten wir auch die M\u00f6glichkeit, Gro\u00dfkaliberwaffen sowie Bogen zu schiessen.<\/p>\n<p>In allen Disziplinen stehen Leihwaffen zur Verf\u00fcgung, in denen Sie eingewiesen und \u00fcber die Sicherheitsbestimmungen belehrt werden.<\/p>\n<p>&nbsp;<\/p>\n<p><strong>Wir laden Sie herzlich ein, unser Angebot unverbindlich zu testen und freuen uns auf Ihr Kommen.<\/strong><\/p>\n","protected":false},"excerpt":{"rendered":"<p>Die Sch\u00fctzenabteilung Bad Wurzach bietet eine F\u00fclle an schie\u00dfsportlichen Disziplinen an. &nbsp; Neben Luftdruck- und Kleinkaliber- Disziplinen bieten wir auch die M\u00f6glichkeit, Gro\u00dfkaliberwaffen sowie Bogen zu schiessen. In allen Disziplinen stehen Leihwaffen zur Verf\u00fcgung, in denen Sie eingewiesen und \u00fcber die Sicherheitsbestimmungen belehrt werden. &nbsp; Wir laden Sie herzlich ein, unser Angebot unverbindlich zu testen&hellip;<\/p>\n","protected":false},"author":1,"featured_media":0,"parent":0,"menu_order":0,"comment_status":"closed","ping_status":"closed","template":"","meta":[],"_links":{"self":[{"href":"http:\/\/schuetzen-badwurzach.de\/index.php?rest_route=\/wp\/v2\/pages\/58"}],"collection":[{"href":"http:\/\/schuetzen-badwurzach.de\/index.php?rest_route=\/wp\/v2\/pages"}],"about":[{"href":"http:\/\/schuetzen-badwurzach.de\/index.php?rest_route=\/wp\/v2\/types\/page"}],"author":[{"embeddable":true,"href":"http:\/\/schuetzen-badwurzach.de\/index.php?rest_route=\/wp\/v2\/users\/1"}],"replies":[{"embeddable":true,"href":"http:\/\/schuetzen-badwurzach.de\/index.php?rest_route=%2Fwp%2Fv2%2Fcomments&post=58"}],"version-history":[{"count":5,"href":"http:\/\/schuetzen-badwurzach.de\/index.php?rest_route=\/wp\/v2\/pages\/58\/revisions"}],"predecessor-version":[{"id":1269,"href":"http:\/\/schuetzen-badwurzach.de\/index.php?rest_route=\/wp\/v2\/pages\/58\/revisions\/1269"}],"wp:attachment":[{"href":"http:\/\/schuetzen-badwurzach.de\/index.php?rest_route=%2Fwp%2Fv2%2Fmedia&parent=58"}],"curies":[{"name":"wp","href":"https:\/\/api.w.org\/{rel}","templated":true}]}}