{"id":31,"date":"2017-02-13T07:50:42","date_gmt":"2017-02-13T07:50:42","guid":{"rendered":"http:\/\/schuetzen-badwurzach.de\/?page_id=31"},"modified":"2017-02-13T07:57:05","modified_gmt":"2017-02-13T07:57:05","slug":"disclaimer","status":"publish","type":"page","link":"http:\/\/schuetzen-badwurzach.de\/?page_id=31","title":{"rendered":"Disclaimer"},"content":{"rendered":"<h2 style=\"text-align: center;\"><strong><span class=\" mobile-undersized-upper\">Haftung f\u00fcr Inhalte<\/span><\/strong><\/h2>\n<p><span class=\" mobile-undersized-upper\">\u00a0<\/span><span class=\" mobile-undersized-upper\">Die Inhalte unserer Seiten wurden mit gr\u00f6\u00dfter Sorgfalt erstellt. F\u00fcr die Richtigkeit, Vollst\u00e4ndigkeit und Aktualit\u00e4t der Inhalte k\u00f6nnen wir jedoch keine Gew\u00e4hr \u00fcbernehmen.<\/span><\/p>\n<p><span class=\" mobile-undersized-upper\">Als Diensteanbieter sind wir gem\u00e4\u00df \u00a7 6 Abs.1 MDStV und \u00a7 8 Abs.1 TDG f\u00fcr eigene Inhalte auf diesen Seiten nach den allgemeinen Gesetzen verantwortlich. Diensteanbieter sind jedoch nicht verpflichtet, die von ihnen \u00fcbermittelten oder gespeicherten fremden Informationen zu \u00fcberwachen oder nach Umst\u00e4nden zu forschen, die auf <\/span><\/p>\n<p><span class=\" mobile-undersized-upper\">eine rechtswidrige T\u00e4tigkeit hinweisen. Verpflichtungen zur Entfernung oder Sperrung der Nutzung von Informationen nach den allgemeinen Gesetzen bleiben hiervon unber\u00fchrt. Eine diesbez\u00fcgliche Haftung ist jedoch erst ab dem Zeitpunkt der Kenntnis einer konkreten Rechtsverletzung m\u00f6glich. Bei bekannt werden von entsprechenden Rechtsverletzungen werden wir diese Inhalte umgehend entfernen.<\/span><\/p>\n<p><span class=\" mobile-undersized-upper\">\u00a0<\/span><\/p>\n<h2 style=\"text-align: center;\"><span class=\" mobile-undersized-upper\">Haftung f\u00fcr Links<\/span><\/h2>\n<p><span class=\" mobile-undersized-upper\">\u00a0<\/span><span class=\" mobile-undersized-upper\">Unser Angebot enth\u00e4lt Links zu externen Webseiten Dritter, auf deren Inhalte wir keinen Einfluss haben. Deshalb k\u00f6nnen wir f\u00fcr diese fremden Inhalte auch keine Gew\u00e4hr \u00fcbernehmen. F\u00fcr die Inhalte der verlinkten Seiten ist stets der jeweilige Anbieter oder Betreiber der Seiten verantwortlich. Die verlinkten Seiten wurden zum Zeitpunkt der Verlinkung auf m\u00f6gliche Rechtsverst\u00f6\u00dfe \u00fcberpr\u00fcft. Rechtswidrige Inhalte waren zum Zeitpunkt der Verlinkung nicht erkennbar. Eine permanente inhaltliche Kontrolle der verlinkten Seiten ist jedoch ohne konkrete Anhaltspunkte einer Rechtsverletzung nicht zumutbar. Bei bekannt werden von Rechtsverletzungen werden wir derartige Links umgehend entfernen.<\/span><span class=\" mobile-undersized-upper\">\u00a0<\/span><\/p>\n<h2 style=\"text-align: center;\"><span class=\" mobile-undersized-upper\">Urheberrecht<\/span><\/h2>\n<p><span class=\" mobile-undersized-upper\">Die Betreiber der Seiten sind bem\u00fcht, stets die Urheberrechte anderer zu beachten bzw. auf selbst erstellte sowie lizenzfreie Werke zur\u00fcckzugreifen.<\/span><\/p>\n<p><span class=\" mobile-undersized-upper\">Die durch die Seitenbetreiber erstellten Inhalte und Werke auf diesen Seiten unterliegen dem deutschen Urheberrecht. Beitr\u00e4ge Dritter sind als solche gekennzeichnet. Die Vervielf\u00e4ltigung, Bearbeitung, Verbreitung und jede Art der Verwertung au\u00dferhalb der Grenzen des Urheberrechtes <\/span><\/p>\n<p><span class=\" mobile-undersized-upper\">bed\u00fcrfen der schriftlichen Zustimmung des jeweiligen Autors bzw. Erstellers. Downloads und Kopien dieser Seite sind nur f\u00fcr den privaten, nicht kommerziellen Gebrauch gestattet.<\/span><span class=\" mobile-undersized-upper\">\u00a0<\/span><\/p>\n<h2 style=\"text-align: center;\"><span class=\" mobile-undersized-upper\">Datenschutz<\/span><\/h2>\n<p><span class=\" mobile-undersized-upper\">Soweit auf unseren Seiten personenbezogene Daten (beispielsweise Name, Anschrift oder eMail-Adressen) erhoben werden, erfolgt dies soweit m\u00f6glich stets auf freiwilliger Basis. Die Nutzung der Angebote und Dienste ist, soweit m\u00f6glich, stets ohne Angabe personenbezogener Daten <\/span><span class=\" mobile-undersized-upper\">m\u00f6glich.<\/span><\/p>\n<p><span class=\" mobile-undersized-upper\">D<\/span><span class=\" mobile-undersized-upper\">er Nutzung von im Rahmen der Impressumspflicht ver\u00f6ffentlichten Kontaktdaten durch Dritte zur \u00dcbersendung von nicht ausdr\u00fccklich angeforderter Werbung und Informationsmaterialien wird <\/span><\/p>\n<p><span class=\" mobile-undersized-upper\">hiermit ausdr\u00fccklich widersprochen. Die Betreiber der Seiten behalten sich ausdr\u00fccklich rechtliche Schritte im Falle der unverlangten Zusendung von Werbeinformationen, etwa durch Spam-Mails, vor.<\/span><\/p>\n<p><span class=\" mobile-undersized-upper\">\u00a0<\/span><\/p>\n<p><strong><span class=\" mobile-undersized-upper\">Quelle:<\/span><\/strong><span class=\" mobile-undersized-upper\"> Disclaimer von eRecht24.de dem Informationsportal zum Internetrecht<\/span><\/p>\n<p><span class=\" mobile-undersized-upper\">\u00a0<\/span><\/p>\n","protected":false},"excerpt":{"rendered":"<p>Haftung f\u00fcr Inhalte \u00a0Die Inhalte unserer Seiten wurden mit gr\u00f6\u00dfter Sorgfalt erstellt. F\u00fcr die Richtigkeit, Vollst\u00e4ndigkeit und Aktualit\u00e4t der Inhalte k\u00f6nnen wir jedoch keine Gew\u00e4hr \u00fcbernehmen. Als Diensteanbieter sind wir gem\u00e4\u00df \u00a7 6 Abs.1 MDStV und \u00a7 8 Abs.1 TDG f\u00fcr eigene Inhalte auf diesen Seiten nach den allgemeinen Gesetzen verantwortlich. Diensteanbieter sind jedoch nicht&hellip;<\/p>\n","protected":false},"author":1,"featured_media":0,"parent":0,"menu_order":0,"comment_status":"closed","ping_status":"closed","template":"","meta":[],"_links":{"self":[{"href":"http:\/\/schuetzen-badwurzach.de\/index.php?rest_route=\/wp\/v2\/pages\/31"}],"collection":[{"href":"http:\/\/schuetzen-badwurzach.de\/index.php?rest_route=\/wp\/v2\/pages"}],"about":[{"href":"http:\/\/schuetzen-badwurzach.de\/index.php?rest_route=\/wp\/v2\/types\/page"}],"author":[{"embeddable":true,"href":"http:\/\/schuetzen-badwurzach.de\/index.php?rest_route=\/wp\/v2\/users\/1"}],"replies":[{"embeddable":true,"href":"http:\/\/schuetzen-badwurzach.de\/index.php?rest_route=%2Fwp%2Fv2%2Fcomments&post=31"}],"version-history":[{"count":3,"href":"http:\/\/schuetzen-badwurzach.de\/index.php?rest_route=\/wp\/v2\/pages\/31\/revisions"}],"predecessor-version":[{"id":50,"href":"http:\/\/schuetzen-badwurzach.de\/index.php?rest_route=\/wp\/v2\/pages\/31\/revisions\/50"}],"wp:attachment":[{"href":"http:\/\/schuetzen-badwurzach.de\/index.php?rest_route=%2Fwp%2Fv2%2Fmedia&parent=31"}],"curies":[{"name":"wp","href":"https:\/\/api.w.org\/{rel}","templated":true}]}}