{"id":25,"date":"2017-02-13T10:29:28","date_gmt":"2017-02-13T10:29:28","guid":{"rendered":"http:\/\/schuetzen-badwurzach.de\/?page_id=25"},"modified":"2017-02-13T10:29:28","modified_gmt":"2017-02-13T10:29:28","slug":"ueber-uns","status":"publish","type":"page","link":"http:\/\/schuetzen-badwurzach.de\/?page_id=25","title":{"rendered":"\u00dcber uns"},"content":{"rendered":"<p>Die Sch\u00fctzenabteilung der TSG 1861 Bad Wurzach e.V. versucht den Schie\u00dfsport allen n\u00e4her zubringen.<\/p>\n<p>Hierbei handelt es sich um viele Disziplinen wie z.B. der Luftdruckwaffen und des Bogenschiessens, welche enorme Selbstbeherrschung und viel Training ben\u00f6tigen, um einen Erfolg erzielen zu k\u00f6nnen.<\/p>\n<p>Nur durch regelm\u00e4\u00dfiges Training werden Erfolge erzielt und durch einen gesunden Mannschaftsgeist k\u00f6nnen gute Ergebnisse in Wettbewerben wie z.B. den Rundenwettk\u00e4mpfen und auch Meisterschaften erk\u00e4mpft werden.<\/p>\n<p>Durch eine famili\u00e4re Athmosph\u00e4re sowie aktuelle Traingsger\u00e4te ist ein hoher Freizeitspa\u00df garantiert.<\/p>\n<p>&nbsp;<\/p>\n<p><strong>Besuchen Sie uns doch einfach mal und erleben sie unverbindlich den Schie\u00dfsport bei uns in Bad Wurzach.<\/strong><\/p>\n","protected":false},"excerpt":{"rendered":"<p>Die Sch\u00fctzenabteilung der TSG 1861 Bad Wurzach e.V. versucht den Schie\u00dfsport allen n\u00e4her zubringen. Hierbei handelt es sich um viele Disziplinen wie z.B. der Luftdruckwaffen und des Bogenschiessens, welche enorme Selbstbeherrschung und viel Training ben\u00f6tigen, um einen Erfolg erzielen zu k\u00f6nnen. Nur durch regelm\u00e4\u00dfiges Training werden Erfolge erzielt und durch einen gesunden Mannschaftsgeist k\u00f6nnen gute&hellip;<\/p>\n","protected":false},"author":1,"featured_media":0,"parent":0,"menu_order":0,"comment_status":"closed","ping_status":"closed","template":"","meta":[],"_links":{"self":[{"href":"http:\/\/schuetzen-badwurzach.de\/index.php?rest_route=\/wp\/v2\/pages\/25"}],"collection":[{"href":"http:\/\/schuetzen-badwurzach.de\/index.php?rest_route=\/wp\/v2\/pages"}],"about":[{"href":"http:\/\/schuetzen-badwurzach.de\/index.php?rest_route=\/wp\/v2\/types\/page"}],"author":[{"embeddable":true,"href":"http:\/\/schuetzen-badwurzach.de\/index.php?rest_route=\/wp\/v2\/users\/1"}],"replies":[{"embeddable":true,"href":"http:\/\/schuetzen-badwurzach.de\/index.php?rest_route=%2Fwp%2Fv2%2Fcomments&post=25"}],"version-history":[{"count":3,"href":"http:\/\/schuetzen-badwurzach.de\/index.php?rest_route=\/wp\/v2\/pages\/25\/revisions"}],"predecessor-version":[{"id":94,"href":"http:\/\/schuetzen-badwurzach.de\/index.php?rest_route=\/wp\/v2\/pages\/25\/revisions\/94"}],"wp:attachment":[{"href":"http:\/\/schuetzen-badwurzach.de\/index.php?rest_route=%2Fwp%2Fv2%2Fmedia&parent=25"}],"curies":[{"name":"wp","href":"https:\/\/api.w.org\/{rel}","templated":true}]}}