{"id":121,"date":"2017-02-13T10:51:59","date_gmt":"2017-02-13T10:51:59","guid":{"rendered":"http:\/\/schuetzen-badwurzach.de\/?page_id=121"},"modified":"2021-10-15T20:44:44","modified_gmt":"2021-10-15T18:44:44","slug":"ihr-event-bei-uns","status":"publish","type":"page","link":"http:\/\/schuetzen-badwurzach.de\/?page_id=121","title":{"rendered":"Ihr Event bei uns"},"content":{"rendered":"<p>Sie k\u00f6nnen unser Vereinsheim f\u00fcr Ihr pers\u00f6nliches Event buchen.<\/p>\n<p>Ob Geburtstag oder sonstige Feier&#8230; es ist gen\u00fcgend Platz und Infrastruktur vorhanden.<\/p>\n<p><img loading=\"lazy\" class=\"alignnone wp-image-147\" src=\"http:\/\/schuetzen-badwurzach.de\/wp-content\/uploads\/2017\/02\/gastraum.jpg\" alt=\"\" width=\"671\" height=\"503\" srcset=\"http:\/\/schuetzen-badwurzach.de\/wp-content\/uploads\/2017\/02\/gastraum.jpg 4000w, http:\/\/schuetzen-badwurzach.de\/wp-content\/uploads\/2017\/02\/gastraum-300x225.jpg 300w, http:\/\/schuetzen-badwurzach.de\/wp-content\/uploads\/2017\/02\/gastraum-768x576.jpg 768w, http:\/\/schuetzen-badwurzach.de\/wp-content\/uploads\/2017\/02\/gastraum-1024x768.jpg 1024w\" sizes=\"(max-width: 671px) 100vw, 671px\" \/><\/p>\n<p>Gerne unterbreiten wir Ihnen ein pers\u00f6nliches Angebot.<\/p>\n<p>Wollen Sie unser Vereinsheim mieten, dann wenden Sie sich bitte an Herrn Robert Kasper unter 07564 \/ 5102<\/p>\n<h1 class='scf-title'>Kontaktformular<\/h1> <div id=\"send\"><\/div> <form class=\"scf-form\" action=\"\/index.php?rest_route=%2Fwp%2Fv2%2Fpages%2F121\" method=\"post\"><div>Name <span class='required'><\/span><\/div><input type=\"text\" name=\"seos-name\" value=\"\" size=\"50\" \/><\/p><p><div>Telefonnummer <span class='required'><\/span><\/div><input type=\"text\" name=\"seos-phone\" pattern=\"[0-9 ]+\" value=\"\" size=\"50\" \/><\/p><p><div>Emailadresse <span class='required'><\/span><\/div><input type=\"email\" name=\"seos-email\" value=\"\" size=\"50\" \/><\/p><p><div>Betreff <span class='required'><\/span><br \/><\/div>\t\t<select style=\"width: 160px;\" name=\"seos_form_select\">\r\n\t\t\t<option value=\"\" selected=\"selected\"> <\/option>\r\n\t\t\t\t\t\t\t<option value=\"Allgemein\" >Allgemein<\/option>\t\t\t\t\t\t\t<option value=\"Buchung Vereinsheim\" >Buchung Vereinsheim<\/option>\t\t\t\t\t\t\t<option value=\"Wettkampf\" >Wettkampf<\/option>\t\t\t\t\t<\/select>\r\n\t<\/p><br \/><br \/><p><div>Betreff<\/div><input type=\"text\" name=\"seos-subject\" value=\"\" size=\"50\" \/><\/p><p><div>Ihre Nachricht an uns<\/div><textarea rows=\"10\" cols=\"50\" name=\"seos-message\"><\/textarea><\/p><p> <br\/><input class=\"noselect\" type=\"text\" name=\"rand\" value=\"44+10\" readonly=\"readonly\" \/><label class=\"scf-sum\"> = <\/label><input type=\"text\" name=\"text\" value=\"\" \/> <span class='required'><\/span><\/p><p><input type=\"submit\" name=\"seos-submitted\" value=\"Absenden\"><\/p><\/form>\n","protected":false},"excerpt":{"rendered":"<p>Sie k\u00f6nnen unser Vereinsheim f\u00fcr Ihr pers\u00f6nliches Event buchen. Ob Geburtstag oder sonstige Feier&#8230; es ist gen\u00fcgend Platz und Infrastruktur vorhanden. Gerne unterbreiten wir Ihnen ein pers\u00f6nliches Angebot. Wollen Sie unser Vereinsheim mieten, dann wenden Sie sich bitte an Herrn Robert Kasper unter 07564 \/ 5102<\/p>\n","protected":false},"author":1,"featured_media":0,"parent":0,"menu_order":0,"comment_status":"closed","ping_status":"closed","template":"","meta":[],"_links":{"self":[{"href":"http:\/\/schuetzen-badwurzach.de\/index.php?rest_route=\/wp\/v2\/pages\/121"}],"collection":[{"href":"http:\/\/schuetzen-badwurzach.de\/index.php?rest_route=\/wp\/v2\/pages"}],"about":[{"href":"http:\/\/schuetzen-badwurzach.de\/index.php?rest_route=\/wp\/v2\/types\/page"}],"author":[{"embeddable":true,"href":"http:\/\/schuetzen-badwurzach.de\/index.php?rest_route=\/wp\/v2\/users\/1"}],"replies":[{"embeddable":true,"href":"http:\/\/schuetzen-badwurzach.de\/index.php?rest_route=%2Fwp%2Fv2%2Fcomments&post=121"}],"version-history":[{"count":9,"href":"http:\/\/schuetzen-badwurzach.de\/index.php?rest_route=\/wp\/v2\/pages\/121\/revisions"}],"predecessor-version":[{"id":1439,"href":"http:\/\/schuetzen-badwurzach.de\/index.php?rest_route=\/wp\/v2\/pages\/121\/revisions\/1439"}],"wp:attachment":[{"href":"http:\/\/schuetzen-badwurzach.de\/index.php?rest_route=%2Fwp%2Fv2%2Fmedia&parent=121"}],"curies":[{"name":"wp","href":"https:\/\/api.w.org\/{rel}","templated":true}]}}