{"id":1134,"date":"2018-06-07T07:20:14","date_gmt":"2018-06-07T05:20:14","guid":{"rendered":"http:\/\/schuetzen-badwurzach.de\/?page_id=1134"},"modified":"2020-01-06T19:03:24","modified_gmt":"2020-01-06T18:03:24","slug":"datenschutzerklaerung","status":"publish","type":"page","link":"http:\/\/schuetzen-badwurzach.de\/?page_id=1134","title":{"rendered":"Datenschutzerkl\u00e4rung"},"content":{"rendered":"<p><strong>Grundlegendes<\/strong><\/p>\n<p>Diese Datenschutzerkl\u00e4rung soll die Nutzer dieser Website \u00fcber die Art, den Umfang und den Zweck der Erhebung und Verwendung personenbezogener Daten durch den Websitebetreiber www.schuetzen-badwurzach.de\u00a0 informieren.<\/p>\n<p>Der Websitebetreiber nimmt Ihren Datenschutz sehr ernst und behandelt Ihre\u00a0personenbezogenen Daten vertraulich und entsprechend der gesetzlichen Vorschriften. Da durch neue Technologien und die st\u00e4ndige Weiterentwicklung dieser Webseite \u00c4nderungen\u00a0an dieser Datenschutzerkl\u00e4rung vorgenommen werden k\u00f6nnen, empfehlen wir Ihnen sich die Datenschutzerkl\u00e4rung in regelm\u00e4\u00dfigen Abst\u00e4nden wieder durchzulesen.<\/p>\n<p>Definitionen der verwendeten Begriffe (z.B. \u201cpersonenbezogene Daten\u201d oder \u201cVerarbeitung\u201d)\u00a0finden Sie in Art. 4 DSGVO.<\/p>\n<p>&nbsp;<\/p>\n<p>_______________________________________________________________________<\/p>\n<p><strong>Zugriffsdaten<\/strong><\/p>\n<p>Wir, der Websitebetreiber bzw. Seitenprovider, erheben aufgrund unseres berechtigten<br \/>\nInteresses (s. Art. 6 Abs. 1 lit. f. DSGVO) Daten \u00fcber Zugriffe auf die Website und speichern\u00a0diese als \u201eServer-Logfiles\u201c auf dem Server der Website ab. Folgende Daten werden so protokolliert:<br \/>\n\u2013 Besuchte Website<br \/>\n\u2013 Uhrzeit zum Zeitpunkt des Zugriffes<br \/>\n\u2013 Menge der gesendeten Daten in Byte<br \/>\n\u2013 Quelle\/Verweis, von welchem Sie auf die Seite gelangten<br \/>\n\u2013 Verwendeter Browser<br \/>\n\u2013 Verwendetes Betriebssystem<br \/>\n\u2013 Verwendete IP-Adresse<\/p>\n<p>Die Server-Logfiles werden f\u00fcr maximal 7 Tage gespeichert und anschlie\u00dfend gel\u00f6scht. Die Speicherung der Daten erfolgt aus Sicherheitsgr\u00fcnden, um z. B. Missbrauchsf\u00e4lle aufkl\u00e4ren<br \/>\nzu k\u00f6nnen. M\u00fcssen Daten aus Beweisgr\u00fcnden aufgehoben werden, sind sie solange von der\u00a0L\u00f6schung ausgenommen bis der Vorfall endg\u00fcltig gekl\u00e4rt ist.<\/p>\n<p>_______________________________________________________________________<br \/>\n<strong>Reichweitenmessung &amp; Cookies<\/strong><\/p>\n<p>Diese Website verwendet Cookies zur pseudonymisierten Reichweitenmessung, die entweder von unserem Server oder dem Server Dritter an den Browser des Nutzers \u00fcbertragen werden. Bei Cookies handelt es sich um kleine Dateien, welche auf Ihrem<br \/>\nEndger\u00e4t gespeichert werden. Ihr Browser greift auf diese Dateien zu. Durch den Einsatz von Cookies erh\u00f6ht sich die benutzerfreundlichkeit und Sicherheit dieser Website.<br \/>\nG\u00e4ngige Browser bieten die Einstellungsoption, Cookies nicht zuzulassen.<\/p>\n<p><strong>Hinweis:<\/strong>\u00a0Es ist nicht gew\u00e4hrleistet, dass Sie auf alle Funktionen dieser Website ohne Einschr\u00e4nkungen zugreifen k\u00f6nnen, wenn Sie entsprechende Einstellungen vornehmen.<\/p>\n<p>&nbsp;<\/p>\n<p>_______________________________________________________________________<\/p>\n<p><strong>Erfassung und Verarbeitung personenbezogener Daten<\/strong><\/p>\n<p>Der Websitebetreiber erhebt, nutzt und gibt Ihre personenbezogenen Daten nur dann weiter,<br \/>\nwenn dies im gesetzlichen Rahmen erlaubt ist oder Sie in die Datenerhebung einwilligen.<br \/>\nAls personenbezogene Daten gelten s\u00e4mtliche Informationen, welche dazu dienen, Ihre\u00a0Person zu bestimmen und welche zu Ihnen zur\u00fcckverfolgt werden k\u00f6nnen \u2013 also\u00a0beispielsweise Ihr Name, Ihre E-Mail-Adresse und Telefonnummer.<br \/>\nDiese Website k\u00f6nnen Sie auch besuchen, ohne Angaben zu Ihrer Person zu machen. Zur\u00a0Verbesserung unseres Online-Angebotes speichern wir jedoch (ohne Personenbezug) Ihre\u00a0Zugriffsdaten auf diese Website. Zu diesen Zugriffsdaten geh\u00f6ren z. B. die von Ihnen<br \/>\nangeforderte Datei oder der Name Ihres Internet-Providers. Durch die Anonymisierung der\u00a0Daten sind R\u00fcckschl\u00fcsse auf Ihre Person nicht m\u00f6glich.<\/p>\n<p>\u2013\u00a0 Welche? \u2013 Wir verarbeiten personenbezogene Daten wie Vorname, Nachname, IPAdresse,<br \/>\nE-Mail-Adresse, Wohnort, Postleitzahl und Inhaltsangaben aus dem<br \/>\nKontaktformular.<br \/>\n\u2013 Wie? \u2013 Wir verarbeiten personenbezogene Daten nur nach ausdr\u00fccklicher Erlaubnis<br \/>\nder betreffenden Nutzer und unter Einhaltung der geltenden<br \/>\nDatenschutzbestimmungen.<br \/>\n\u2013 Warum? \u2013 Die Verarbeitung der personenbezogenen Daten erfolgt aufgrund unseres\u00a0berechtigten Interesses zur Erf\u00fcllung unserer vertraglich vereinbarten Leistungen und\u00a0zur Optimierung unseres Online-Angebotes.<\/p>\n<p>&nbsp;<\/p>\n<p>_______________________________________________________________________<\/p>\n<p><strong>Umgang mit Kontaktdaten<\/strong><\/p>\n<p>Nehmen Sie mit uns als Websitebetreiber durch die angebotenen Kontaktm\u00f6glichkeiten\u00a0Verbindung auf, werden Ihre Angaben gespeichert, damit auf diese zur Bearbeitung und\u00a0Beantwortung Ihrer Anfrage zur\u00fcckgegriffen werden kann. Ohne Ihre Einwilligung werden\u00a0diese Daten nicht an Dritte weitergegeben.<\/p>\n<p>&nbsp;<\/p>\n<p>_______________________________________________________________________<\/p>\n<p><strong>Umgang mit Kommentaren und Beitr\u00e4gen<\/strong><\/p>\n<p>Hinterlassen Sie auf dieser Website einen Beitrag oder Kommentar, wird Ihre IP-Adresse\u00a0gespeichert. Dies erfolgt aufgrund unserer berechtigten Interessen im Sinne des Art. 6 Abs.\u00a01 lit. f. DSGVO und dient der Sicherheit von uns als Websitebetreiber: Denn sollte Ihr<br \/>\nKommentar gegen geltendes Recht versto\u00dfen, k\u00f6nnen wir daf\u00fcr belangt werden, weshalb\u00a0wir ein Interesse an der Identit\u00e4t des Kommentar- bzw. Beitragsautors haben.<\/p>\n<p>&nbsp;<\/p>\n<p>_______________________________________________________________________<\/p>\n<p><strong>Google Analytics<\/strong><\/p>\n<p>Diese Website nutzt aufgrund unserer berechtigten Interessen zur Optimierung und Analyse\u00a0unseres Online-Angebots im Sinne des Art. 6 Abs. 1 lit. f. DSGVO den Dienst \u201eGoogle\u00a0Analytics\u201c, welcher von der Google Inc. (1600 Amphitheatre Parkway Mountain View, CA\u00a094043, USA) angeboten wird. Der Dienst (Google Analytics) verwendet \u201eCookies\u201c \u2013\u00a0Textdateien, welche auf Ihrem Endger\u00e4t gespeichert werden. Die durch die Cookies\u00a0gesammelten Informationen werden im Regelfall an einen Google-Server in den USA\u00a0gesandt und dort gespeichert.<br \/>\nGoogle LLC h\u00e4lt das europ\u00e4ische Datenschutzrecht ein und ist unter dem Privacy-ShieldAbkommen<br \/>\nzertifiziert:<br \/>\nhttps:\/\/www.privacyshield.gov\/participant?id=a2zt000000001L5AAI&#038;status=Active<br \/>\nAuf dieser Website greift die IP-Anonymisierung. Die IP-Adresse der Nutzer wird innerhalb\u00a0der Mitgliedsstaaten der EU und des Europ\u00e4ischen Wirtschaftsraum und in den anderen\u00a0Vertragsstaaten des Abkommens gek\u00fcrzt. Nur in Einzelf\u00e4llen wird die IP-Adresse zun\u00e4chst\u00a0ungek\u00fcrzt in die USA an einen Server von Google \u00fcbertragen und dort gek\u00fcrzt. Durch diese\u00a0K\u00fcrzung entf\u00e4llt der Personenbezug Ihrer IP-Adresse. Die vom Browser \u00fcbermittelte IPAdresse des Nutzers wird nicht mit anderen von Google gespeicherten Daten kombiniert.<br \/>\nIm Rahmen der Vereinbarung zur Auftragsdatenvereinbarung, welche wir als\u00a0Websitebetreiber mit der Google Inc. geschlossen haben, erstellt diese mithilfe der\u00a0gesammelten Informationen eine Auswertung der Websitenutzung und der Websiteaktivit\u00e4t<br \/>\nund erbringt mit der Internetnutzung verbundene Dienstleistungen.<br \/>\nDie von Google in unserem Auftrag erhobenen Daten werden genutzt, um die Nutzung\u00a0unseres Online-Angebots durch die einzelnen Nutzer auswerten zu k\u00f6nnen, z. B. um<br \/>\nReports \u00fcber die Aktivit\u00e4t auf der Website zu erstellen, um unser Online-Angebot zu\u00a0verbessern.<br \/>\nSie haben die M\u00f6glichkeit, die Speicherung der Cookies auf Ihrem Ger\u00e4t zu verhindern,\u00a0indem Sie in Ihrem Browser entsprechende Einstellungen vornehmen. Es ist nicht\u00a0gew\u00e4hrleistet, dass Sie auf alle Funktionen dieser Website ohne Einschr\u00e4nkungen zugreifen<br \/>\nk\u00f6nnen, wenn Ihr Browser keine Cookies zul\u00e4sst.<br \/>\nWeiterhin k\u00f6nnen Sie durch ein Browser-Plugin verhindern, dass die durch Cookies\u00a0gesammelten Informationen (inklusive Ihrer IP-Adresse) an die Google Inc. gesendet und\u00a0von der Google Inc. genutzt werden. Folgender Link f\u00fchrt Sie zu dem entsprechenden<br \/>\nPlugin: https:\/\/tools.google.com\/dlpage\/gaoptout?hl=de<br \/>\nAlternativ verhindern Sie mit einem Klick auf diesen Link (WICHTIG: Opt-Out-Link einf\u00fcgen),<br \/>\ndass Google Analytics innerhalb dieser Website Daten \u00fcber Sie erfasst. Mit dem Klick auf\u00a0obigen Link laden Sie ein \u201eOpt-Out-Cookie\u201c herunter. Ihr Browser muss die Speicherung von<br \/>\nCookies also hierzu grunds\u00e4tzlich erlauben. L\u00f6schen Sie Ihre Cookies regelm\u00e4\u00dfig, ist ein\u00a0erneuter Klick auf den Link bei jedem Besuch dieser Website vonn\u00f6ten.<\/p>\n<p>Hier finden Sie weitere Informationen zur Datennutzung durch die Google Inc.:<br \/>\n\u2013 https:\/\/policies.google.com\/privacy\/partners?hl=de (Daten, die von GooglePartnern<br \/>\nerhoben werden)<br \/>\n\u2013 https:\/\/adssettings.google.de\/authenticated (Einstellungen \u00fcber Werbung, die\u00a0Ihnen angezeigt wird)<br \/>\n\u2013 https:\/\/policies.google.com\/technologies\/ads?hl=de (Verwendung von Cookies in\u00a0Anzeigen)<\/p>\n<p>&nbsp;<\/p>\n<p>_______________________________________________________________________<\/p>\n<p><strong>Nutzung von Social-Media-Plugins von Facebook<\/strong><\/p>\n<p>Aufgrund unseres berechtigten Interesses an der Analyse, Optimierung und dem Betrieb\u00a0unseres Online-Angebotes (im Sinne des Art. 6 Abs. 1 lit. f. DSGVO), verwendet diese\u00a0Website das Facebook-Social-Plugin, welches von der Facebook Inc. (1 Hacker Way, Menlo\u00a0Park, California 94025, USA) betrieben wird. Erkennbar sind die Einbindungen an dem\u00a0Facebook-Logo bzw. an den Begriffen \u201eLike\u201c, \u201eGef\u00e4llt mir\u201c, \u201eTeilen\u201c in den Farben Facebooks\u00a0(Blau und Wei\u00df). Informationen zu allen Facebook-Plugins finden Sie \u00fcber den folgenden\u00a0Link: https:\/\/developers.facebook.com\/docs\/plugins\/<br \/>\nFacebook Inc. h\u00e4lt das europ\u00e4ische Datenschutzrecht ein und ist unter dem Privacy-ShieldAbkommen\u00a0zertifiziert:<br \/>\nhttps:\/\/www.privacyshield.gov\/participant?id=a2zt0000000GnywAAC&#038;status=Active<br \/>\nDas Plugin stellt eine direkte Verbindung zwischen Ihrem Browser und den FacebookServern\u00a0her. Der Websitebetreiber hat keinerlei Einfluss auf die Natur und den Umfang der\u00a0Daten, welche das Plugin an die Server der Facebook Inc. \u00fcbermittelt. Informationen dazu\u00a0finden Sie hier: https:\/\/www.facebook.com\/help\/186325668085084<br \/>\nDas Plugin informiert die Facebook Inc. dar\u00fcber, dass Sie als Nutzer diese Website besucht\u00a0haben. Es besteht hierbei die M\u00f6glichkeit, dass Ihre IP-Adresse gespeichert wird. Sind Sie\u00a0w\u00e4hrend des Besuchs auf dieser Website in Ihrem Facebook-Konto eingeloggt, werden die\u00a0genannten Informationen mit diesem verkn\u00fcpft.<br \/>\nNutzen Sie die Funktionen des Plugins \u2013 etwa indem Sie einen Beitrag teilen oder \u201eliken\u201c \u2013,\u00a0werden die entsprechenden Informationen ebenfalls an die Facebook Inc. \u00fcbermittelt.<br \/>\nM\u00f6chten Sie verhindern, dass die Facebook. Inc. diese Daten mit Ihrem Facebook-Konto\u00a0verkn\u00fcpft, loggen Sie sich bitte vor dem Besuch dieser Website bei Facebook aus und\u00a0l\u00f6schen Sie die gespeicherten Cookies. \u00dcber Ihr Facebook-Profil k\u00f6nnen Sie weitere<br \/>\nEinstellungen zur Datenverarbeitung f\u00fcr Werbezwecke t\u00e4tigen oder der Nutzung Ihrer Daten\u00a0f\u00fcr Werbezwecke widersprechen.<\/p>\n<p><strong>Zu den Einstellungen gelangen Sie hier:<\/strong><br \/>\n\u2013 Profileinstellungen bei Facebook:<br \/>\nhttps:\/\/www.facebook.com\/ads\/preferences\/?entry_product=ad_settings_screen<br \/>\n\u2013 Cookie-Deaktivierungsseite der US-amerikanischen Website:<br \/>\nhttp:\/\/optout.aboutads.info\/?c=2#!\/<br \/>\n\u2013 Cookie-Deaktivierungsseite der europ\u00e4ischen Website:<br \/>\nhttp:\/\/optout.networkadvertising.org\/?c=1#!\/<\/p>\n<p>Welche Daten, zu welchem Zweck und in welchem Umfang Facebook Daten erhebt, nutzt\u00a0und verarbeitet und welche Rechte sowie Einstellungsm\u00f6glichkeiten Sie zum Schutz Ihrer\u00a0Privatsph\u00e4re haben, k\u00f6nnen Sie in den Datenschutzrichtlinien von Facebook nachlesen.<br \/>\nDiese finden Sie hier: https:\/\/www.facebook.com\/about\/privacy\/<\/p>\n<p>&nbsp;<\/p>\n<p>_______________________________________________________________________<\/p>\n<p><strong>L\u00f6schung von Daten<\/strong><\/p>\n<p>Sofern Ihr Wunsch nicht mit einer gesetzlichen Pflicht zur Aufbewahrung von Daten (z. B.\u00a0Vorratsdatenspeicherung) kollidiert, haben Sie ein Anrecht auf L\u00f6schung Ihrer Daten. Von\u00a0uns gespeicherte Daten werden, sollten sie f\u00fcr ihre Zweckbestimmung nicht mehr vonn\u00f6ten\u00a0sein und es keine gesetzlichen Aufbewahrungsfristen geben, gel\u00f6scht. Falls eine L\u00f6schung<br \/>\nnicht durchgef\u00fchrt werden kann, da die Daten f\u00fcr zul\u00e4ssige gesetzliche Zwecke erforderlich\u00a0sind, erfolgt eine Einschr\u00e4nkung der Datenverarbeitung. In diesem Fall werden die Daten\u00a0gesperrt und nicht f\u00fcr andere Zwecke verarbeitet.<\/p>\n<p><strong>Widerspruchsrecht<\/strong><\/p>\n<p>Nutzer dieser Webseite k\u00f6nnen von ihrem Widerspruchsrecht Gebrauch machen und der\u00a0Verarbeitung ihrer personenbezogenen Daten zu jeder Zeit widersprechen.Wenn Sie eine Berichtigung,<\/p>\n<p>Sperrung, L\u00f6schung oder Auskunft \u00fcber die zu Ihrer Person\u00a0gespeicherten personenbezogenen Daten w\u00fcnschen oder Fragen bzgl. der Erhebung, Verarbeitung oder Verwendung Ihrer personenbezogenen Daten haben oder erteilte\u00a0Einwilligungen widerrufen m\u00f6chten, wenden Sie sich bitte an folgende E-Mail-Adresse: <strong>webmaster@schuetzen-badwurzach.de<\/strong><\/p>\n<p>__________________________________________<\/p>\n<p><strong>Datenschutzbeauftragter der Gesamt- TSG 1861 Bad Wurzach e.V:<\/strong><\/p>\n<p>Gegenw\u00e4rtig keiner formal ben\u00f6tigt<\/p>\n<p><strong>Kontakt:\u00a0<\/strong><\/p>\n<p><strong>Telefon:<\/strong> +49 (0) 7564 \/ 5169<br \/>\n<strong>E-Mail:<\/strong> geschaeftsstelle@tsg-badwurzach.de<\/p>\n","protected":false},"excerpt":{"rendered":"<p>Grundlegendes Diese Datenschutzerkl\u00e4rung soll die Nutzer dieser Website \u00fcber die Art, den Umfang und den Zweck der Erhebung und Verwendung personenbezogener Daten durch den Websitebetreiber www.schuetzen-badwurzach.de\u00a0 informieren. Der Websitebetreiber nimmt Ihren Datenschutz sehr ernst und behandelt Ihre\u00a0personenbezogenen Daten vertraulich und entsprechend der gesetzlichen Vorschriften. Da durch neue Technologien und die st\u00e4ndige Weiterentwicklung dieser Webseite \u00c4nderungen\u00a0an&hellip;<\/p>\n","protected":false},"author":1,"featured_media":0,"parent":0,"menu_order":0,"comment_status":"closed","ping_status":"closed","template":"","meta":[],"_links":{"self":[{"href":"http:\/\/schuetzen-badwurzach.de\/index.php?rest_route=\/wp\/v2\/pages\/1134"}],"collection":[{"href":"http:\/\/schuetzen-badwurzach.de\/index.php?rest_route=\/wp\/v2\/pages"}],"about":[{"href":"http:\/\/schuetzen-badwurzach.de\/index.php?rest_route=\/wp\/v2\/types\/page"}],"author":[{"embeddable":true,"href":"http:\/\/schuetzen-badwurzach.de\/index.php?rest_route=\/wp\/v2\/users\/1"}],"replies":[{"embeddable":true,"href":"http:\/\/schuetzen-badwurzach.de\/index.php?rest_route=%2Fwp%2Fv2%2Fcomments&post=1134"}],"version-history":[{"count":4,"href":"http:\/\/schuetzen-badwurzach.de\/index.php?rest_route=\/wp\/v2\/pages\/1134\/revisions"}],"predecessor-version":[{"id":1359,"href":"http:\/\/schuetzen-badwurzach.de\/index.php?rest_route=\/wp\/v2\/pages\/1134\/revisions\/1359"}],"wp:attachment":[{"href":"http:\/\/schuetzen-badwurzach.de\/index.php?rest_route=%2Fwp%2Fv2%2Fmedia&parent=1134"}],"curies":[{"name":"wp","href":"https:\/\/api.w.org\/{rel}","templated":true}]}}