{"id":109,"date":"2017-02-13T10:40:54","date_gmt":"2017-02-13T10:40:54","guid":{"rendered":"http:\/\/schuetzen-badwurzach.de\/?page_id=109"},"modified":"2022-08-16T06:42:12","modified_gmt":"2022-08-16T04:42:12","slug":"staende","status":"publish","type":"page","link":"http:\/\/schuetzen-badwurzach.de\/?page_id=109","title":{"rendered":"St\u00e4nde"},"content":{"rendered":"<p>Wir bieten in allen Diziplinen Schie\u00dfst\u00e4nde nach aktueller Gesetzeslage an.<\/p>\n<div id='gallery-1' class='gallery galleryid-109 gallery-columns-3 gallery-size-full'><figure class='gallery-item'>\n\t\t\t<div class='gallery-icon landscape'>\n\t\t\t\t<a href='http:\/\/schuetzen-badwurzach.de\/?attachment_id=188'><img width=\"500\" height=\"375\" src=\"http:\/\/schuetzen-badwurzach.de\/wp-content\/uploads\/2017\/02\/25m.jpg\" class=\"attachment-full size-full\" alt=\"\" loading=\"lazy\" srcset=\"http:\/\/schuetzen-badwurzach.de\/wp-content\/uploads\/2017\/02\/25m.jpg 500w, http:\/\/schuetzen-badwurzach.de\/wp-content\/uploads\/2017\/02\/25m-300x225.jpg 300w\" sizes=\"(max-width: 500px) 100vw, 500px\" \/><\/a>\n\t\t\t<\/div><\/figure><figure class='gallery-item'>\n\t\t\t<div class='gallery-icon landscape'>\n\t\t\t\t<a href='http:\/\/schuetzen-badwurzach.de\/?attachment_id=189'><img width=\"500\" height=\"375\" src=\"http:\/\/schuetzen-badwurzach.de\/wp-content\/uploads\/2017\/02\/25m1.jpg\" class=\"attachment-full size-full\" alt=\"\" loading=\"lazy\" srcset=\"http:\/\/schuetzen-badwurzach.de\/wp-content\/uploads\/2017\/02\/25m1.jpg 500w, http:\/\/schuetzen-badwurzach.de\/wp-content\/uploads\/2017\/02\/25m1-300x225.jpg 300w\" sizes=\"(max-width: 500px) 100vw, 500px\" \/><\/a>\n\t\t\t<\/div><\/figure><figure class='gallery-item'>\n\t\t\t<div class='gallery-icon landscape'>\n\t\t\t\t<a href='http:\/\/schuetzen-badwurzach.de\/?attachment_id=190'><img width=\"500\" height=\"375\" src=\"http:\/\/schuetzen-badwurzach.de\/wp-content\/uploads\/2017\/02\/50m.jpg\" class=\"attachment-full size-full\" alt=\"\" loading=\"lazy\" srcset=\"http:\/\/schuetzen-badwurzach.de\/wp-content\/uploads\/2017\/02\/50m.jpg 500w, http:\/\/schuetzen-badwurzach.de\/wp-content\/uploads\/2017\/02\/50m-300x225.jpg 300w\" sizes=\"(max-width: 500px) 100vw, 500px\" \/><\/a>\n\t\t\t<\/div><\/figure><figure class='gallery-item'>\n\t\t\t<div class='gallery-icon landscape'>\n\t\t\t\t<a href='http:\/\/schuetzen-badwurzach.de\/?attachment_id=191'><img width=\"500\" height=\"375\" src=\"http:\/\/schuetzen-badwurzach.de\/wp-content\/uploads\/2017\/02\/50m1.jpg\" class=\"attachment-full size-full\" alt=\"\" loading=\"lazy\" srcset=\"http:\/\/schuetzen-badwurzach.de\/wp-content\/uploads\/2017\/02\/50m1.jpg 500w, http:\/\/schuetzen-badwurzach.de\/wp-content\/uploads\/2017\/02\/50m1-300x225.jpg 300w\" sizes=\"(max-width: 500px) 100vw, 500px\" \/><\/a>\n\t\t\t<\/div><\/figure><figure class='gallery-item'>\n\t\t\t<div class='gallery-icon landscape'>\n\t\t\t\t<a href='http:\/\/schuetzen-badwurzach.de\/?attachment_id=192'><img width=\"500\" height=\"375\" src=\"http:\/\/schuetzen-badwurzach.de\/wp-content\/uploads\/2017\/02\/lg-stand.jpg\" class=\"attachment-full size-full\" alt=\"\" loading=\"lazy\" srcset=\"http:\/\/schuetzen-badwurzach.de\/wp-content\/uploads\/2017\/02\/lg-stand.jpg 500w, http:\/\/schuetzen-badwurzach.de\/wp-content\/uploads\/2017\/02\/lg-stand-300x225.jpg 300w\" sizes=\"(max-width: 500px) 100vw, 500px\" \/><\/a>\n\t\t\t<\/div><\/figure>\n\t\t<\/div>\n\n<p>Aufgrund einer fehlenden Absaug-u. L\u00fcftungsanlage ist der 25m- Stand bis auf weiteres gesperrt.<\/p>\n","protected":false},"excerpt":{"rendered":"<p>Wir bieten in allen Diziplinen Schie\u00dfst\u00e4nde nach aktueller Gesetzeslage an. Aufgrund einer fehlenden Absaug-u. L\u00fcftungsanlage ist der 25m- Stand bis auf weiteres gesperrt.<\/p>\n","protected":false},"author":1,"featured_media":0,"parent":0,"menu_order":0,"comment_status":"closed","ping_status":"closed","template":"","meta":[],"_links":{"self":[{"href":"http:\/\/schuetzen-badwurzach.de\/index.php?rest_route=\/wp\/v2\/pages\/109"}],"collection":[{"href":"http:\/\/schuetzen-badwurzach.de\/index.php?rest_route=\/wp\/v2\/pages"}],"about":[{"href":"http:\/\/schuetzen-badwurzach.de\/index.php?rest_route=\/wp\/v2\/types\/page"}],"author":[{"embeddable":true,"href":"http:\/\/schuetzen-badwurzach.de\/index.php?rest_route=\/wp\/v2\/users\/1"}],"replies":[{"embeddable":true,"href":"http:\/\/schuetzen-badwurzach.de\/index.php?rest_route=%2Fwp%2Fv2%2Fcomments&post=109"}],"version-history":[{"count":6,"href":"http:\/\/schuetzen-badwurzach.de\/index.php?rest_route=\/wp\/v2\/pages\/109\/revisions"}],"predecessor-version":[{"id":1518,"href":"http:\/\/schuetzen-badwurzach.de\/index.php?rest_route=\/wp\/v2\/pages\/109\/revisions\/1518"}],"wp:attachment":[{"href":"http:\/\/schuetzen-badwurzach.de\/index.php?rest_route=%2Fwp%2Fv2%2Fmedia&parent=109"}],"curies":[{"name":"wp","href":"https:\/\/api.w.org\/{rel}","templated":true}]}}